{"id":537,"date":"2025-01-05T16:50:48","date_gmt":"2025-01-05T15:50:48","guid":{"rendered":"http:\/\/www.giteduchateau.luttange.fr\/index.php\/home-copy\/"},"modified":"2025-01-17T21:21:07","modified_gmt":"2025-01-17T20:21:07","slug":"home-2","status":"publish","type":"page","link":"https:\/\/www.giteduchateau.luttange.fr\/","title":{"rendered":"Accueil"},"content":{"rendered":"<!--themify_builder_content-->\n<div id=\"themify_builder_content-537\" data-postid=\"537\" class=\"themify_builder_content themify_builder_content-537 themify_builder tf_clear\">\n    \t\t\t<!-- module_row -->\n\t<div  data-parallax-bg=\"desktop\" data-lazy=\"1\" class=\"module_row themify_builder_row tb_w79d102 tb_first tf_w tf_clearfix\">\n\t    \t\t\t<div class=\"row_inner col_align_top tb_col_count_1 tf_box tf_rel\">\n\t\t            <div  data-lazy=\"1\" class=\"module_column tb-column col-full tb_e0xe170 first\">\n                                                        <div class=\"tb-column-inner tf_box tf_w\">\n                        <!-- module text -->\n<div  class=\"module module-text tb_purq071   \" data-lazy=\"1\">\n        <div  class=\"tb_text_wrap\">\n    <h1>G\u00eete du ch\u00e2teau de Luttange<\/h1>\n<p>Bienvenue au G\u00eete communal de Luttange &#8211; G\u00eete de groupe &#8211; G\u00eete d&rsquo;\u00e9tape &#8211; Chambres<\/p>    <\/div>\n<\/div>\n<!-- \/module text --><!-- module buttons -->\n<div  class=\"module module-buttons tb_ct5p129 buttons-horizontal solid \" data-lazy=\"1\">\n    \t<div class=\"module-buttons-item tf_inline_b\">\n\t\t\t\t\t\t\t<a href=\"https:\/\/www.giteduchateau.luttange.fr\/index.php\/portfolio-2-2\/\" class=\"ui builder_button tb_default_color\" >\n\t\t\t\t\t\t\t\t\t\t\t<span class=\"tf_inline_b tf_vmiddle\">Visiter le g\u00eete<\/span>\n\t\t\t\t\t\t\t\t\t<em class=\"tf_inline_b tf_vmiddle\"><svg  class=\"tf_fa tf-ti-arrow-right\" aria-hidden=\"true\"><use href=\"#tf-ti-arrow-right\"><\/use><\/svg><\/em>\t\t\t\t\t\t\t\t\t\t\t<\/a>\n\t\t\t    \t<\/div>\n    <\/div>\n<!-- \/module buttons -->\n                    <\/div>\n                            <\/div>\n            \t    <\/div>\n\t    <!-- \/row_inner -->\n\t<\/div>\n\t<!-- \/module_row -->\n\t\t\t\t<!-- module_row -->\n\t<div  data-css_id=\"tgun017\" data-lazy=\"1\" class=\"module_row themify_builder_row fullwidth tb_tgun017 tf_w tf_clearfix\">\n\t    \t\t\t<div class=\"row_inner col_align_top tb_col_count_2 tf_box tf_rel\">\n\t\t            <div  data-lazy=\"1\" class=\"module_column tb-column col4-1 tb_ts72818 first\">\n                                                <\/div>\n                        <div  data-lazy=\"1\" class=\"module_column tb-column col4-3 tb_9hha120 last\">\n                                                        <div class=\"tb-column-inner tf_box tf_w\">\n                        \t<div  data-lazy=\"1\" class=\"module_subrow themify_builder_sub_row tb_1fnr009 tf_w tf_clearfix\">\n\t    \t\t\t<div class=\"subrow_inner col_align_top gutter-none tb_col_count_2 tf_box tf_w\">\n\t\t            <div  data-lazy=\"1\" class=\"module_column sub_column tb_f1db908 first\">\n                                                        <div class=\"tb-column-inner tf_box tf_w\">\n                        <!-- module image -->\n<div  class=\"module module-image tb_u1vw031 bordered  image-top tf_mw\" data-lazy=\"1\" data-lax-translate-y=\"(vh*1) 0,(vh*0) -70\" data-lax=\"true\">\n        <div class=\"image-wrap tf_rel tf_mw\">\n\t\t    <img loading=\"lazy\" decoding=\"async\" src=\"http:\/\/www.giteduchateau.luttange.fr\/wp-content\/uploads\/2025\/01\/Niveau2-Le-donjon-4.jpg\" width=\"629\" height=\"1116\" title=\"Accueil\" alt=\"Accueil\">\t\n\t\t<\/div>\n\t<!-- \/image-wrap -->\n    \n    \t<\/div>\n<!-- \/module image -->                    <\/div>\n                            <\/div>\n                        <div  data-lazy=\"1\" class=\"module_column sub_column tb_zhu9113 last\">\n                                                        <div class=\"tb-column-inner tf_box tf_w\">\n                        <!-- module text -->\n<div  class=\"module module-text tb_a2dr303  repeat \" data-lazy=\"1\">\n        <div  class=\"tb_text_wrap\">\n    <h2>Dans les murs du ch\u00e2teau<\/h2>\n<p>Le G\u00eete du Ch\u00e2teau occupe l&rsquo;aile Est du ch\u00e2teau de Luttange, enti\u00e8rement restaur\u00e9e. Le g\u00eete a ouvert \u00e0 l&rsquo;\u00e9t\u00e9 2024 et propose 7 chambres pour une capacit\u00e9 totale de 18 couchages. Les week-end et jours f\u00e9ri\u00e9s, il est louable exclusivement dans sa totalit\u00e9 et pour 2 nuits. En semaine, il est possible de ne r\u00e9server qu&rsquo;une chambre ou un \u00e9tage.<\/p>    <\/div>\n<\/div>\n<!-- \/module text --><!-- module buttons -->\n<div  class=\"module module-buttons tb_l46y732 buttons-horizontal solid \" data-lazy=\"1\">\n    \t<div class=\"module-buttons-item tf_inline_b\">\n\t\t\t\t\t\t\t<a href=\"https:\/\/www.giteduchateau.luttange.fr\/index.php\/portfolio-2-2\/\" class=\"ui builder_button black\" >\n\t\t\t\t\t\t\t\t\t\t\t<span class=\"tf_inline_b tf_vmiddle\">En savoir plus<\/span>\n\t\t\t\t\t\t\t\t\t<em class=\"tf_inline_b tf_vmiddle\"><svg  class=\"tf_fa tf-ti-arrow-right\" aria-hidden=\"true\"><use href=\"#tf-ti-arrow-right\"><\/use><\/svg><\/em>\t\t\t\t\t\t\t\t\t\t\t<\/a>\n\t\t\t    \t<\/div>\n    <\/div>\n<!-- \/module buttons -->\n                    <\/div>\n                            <\/div>\n            \t    <\/div>\n\t<\/div><!-- \/themify_builder_sub_row -->\n\t                    <\/div>\n                            <\/div>\n            \t    <\/div>\n\t    <!-- \/row_inner -->\n\t<\/div>\n\t<!-- \/module_row -->\n\t\t\t\t<!-- module_row -->\n\t<div  data-lazy=\"1\" class=\"module_row themify_builder_row tb_5nnr501 tf_w tf_clearfix\">\n\t    \t\t\t<div class=\"row_inner col_align_top tb_col_count_1 tf_box tf_rel\">\n\t\t            <div  data-lazy=\"1\" class=\"module_column tb-column col-full tb_lhhq118 first\">\n                                                <\/div>\n            \t    <\/div>\n\t    <!-- \/row_inner -->\n\t<\/div>\n\t<!-- \/module_row -->\n\t\t\t\t<!-- module_row -->\n\t<div  data-lazy=\"1\" class=\"module_row themify_builder_row tb_ct3z103 tf_w tf_clearfix\">\n\t    \t\t\t<div class=\"row_inner col_align_top tb_col_count_1 tf_box tf_rel\">\n\t\t            <div  data-lazy=\"1\" class=\"module_column tb-column col-full tb_7tqb510 first\">\n                                                        <div class=\"tb-column-inner tf_box tf_w\">\n                        <!-- module text -->\n<div  class=\"module module-text tb_zt9a179   \" data-lazy=\"1\">\n        <div  class=\"tb_text_wrap\">\n    <h2>Notre histoire<\/h2>\n<p>L&rsquo;histoire du ch\u00e2teau remonte au milieu du XIIe si\u00e8cle. Celle du g\u00eete a ses origines dans les ann\u00e9es 1970 avec le projet fou de restauration du ch\u00e2teau de Luttange alors en ruine. Les jeunes du village r\u00eavaient \u00e0 l&rsquo;\u00e9poque d&rsquo;une auberge de jeunesse europ\u00e9enne. A l&rsquo;aube du XXIe si\u00e8cle, c&rsquo;est dans le cadre du projet de sauvegarde et de restauration de l&rsquo;aile Est du ch\u00e2teau que le projet de g\u00eete s&rsquo;est finalement concr\u00e9tis\u00e9.<\/p>    <\/div>\n<\/div>\n<!-- \/module text --><!-- module buttons -->\n<div  class=\"module module-buttons tb_t5op031 buttons-horizontal solid  hide-desktop hide-tablet hide-tablet_landscape hide-mobile\" data-lazy=\"1\">\n    \t<div class=\"module-buttons-item tf_inline_b\">\n\t\t\t\t\t\t\t<a href=\"https:\/\/themify.me\/\" class=\"ui builder_button black\" >\n\t\t\t\t\t\t\t\t\t\t\t<span class=\"tf_inline_b tf_vmiddle\">En savoir plus<\/span>\n\t\t\t\t\t\t\t\t\t<em class=\"tf_inline_b tf_vmiddle\"><svg  class=\"tf_fa tf-ti-arrow-right\" aria-hidden=\"true\"><use href=\"#tf-ti-arrow-right\"><\/use><\/svg><\/em>\t\t\t\t\t\t\t\t\t\t\t<\/a>\n\t\t\t    \t<\/div>\n    <\/div>\n<!-- \/module buttons -->\n                    <\/div>\n                            <\/div>\n            \t    <\/div>\n\t    <!-- \/row_inner -->\n\t<\/div>\n\t<!-- \/module_row -->\n\t\t\t\t<!-- module_row -->\n\t<div  data-lazy=\"1\" class=\"module_row themify_builder_row tb_8rc9130 tf_w tf_clearfix\">\n\t    \t\t\t<div class=\"row_inner col_align_middle tb_col_count_2 tf_box tf_rel\">\n\t\t            <div  data-lazy=\"1\" class=\"module_column tb-column col4-2 tb_szy8913 first\">\n                                                        <div class=\"tb-column-inner tf_box tf_w\">\n                        <!-- module image -->\n<div  class=\"module module-image tb_cfwx303   image-center auto_fullwidth tf_mw\" data-lazy=\"1\" data-lax-translate-y=\"(vh*1) 0,(vh*0) -70\" data-lax=\"true\">\n        <div class=\"image-wrap tf_rel tf_mw\">\n\t\t    <img loading=\"lazy\" decoding=\"async\" src=\"http:\/\/www.giteduchateau.luttange.fr\/wp-content\/uploads\/2024\/11\/DSC_0008.jpg\" width=\"1920\" height=\"1080\" title=\"Accueil\" alt=\"Accueil\">\t\n\t\t<\/div>\n\t<!-- \/image-wrap -->\n    \n    \t<\/div>\n<!-- \/module image -->                    <\/div>\n                            <\/div>\n                        <div  data-lazy=\"1\" class=\"module_column tb-column col4-2 tb_e0qv401 last\">\n                                                        <div class=\"tb-column-inner tf_box tf_w\">\n                        <!-- module text -->\n<div  class=\"module module-text tb_8vvc141  repeat \" data-lazy=\"1\">\n        <div  class=\"tb_text_wrap\">\n    <h2>Concept &amp; D\u00e9tails<\/h2>\n<p>Le concept qui vous est propos\u00e9 \u00e0 Luttange est peu commun \u00e0 plusieurs titres :<\/p>\n<ul>\n<li>dans le choix de la modernit\u00e9 des \u00e9quipements et de la d\u00e9coration pour un plus grand confort, tout en mettant en valeur les \u00e9l\u00e9ments architecturaux historiques qui ont pu \u00eatre conserv\u00e9s ;<\/li>\n<li>dans le l&rsquo;offre d&rsquo;accueil propos\u00e9e, structur\u00e9e sur un mod\u00e8le encore peu d\u00e9velopp\u00e9 en France, entre le g\u00eete de groupe et les chambres d&rsquo;h\u00f4tes avec un espace partag\u00e9 accueillant, chaleureux et convivial. <\/li>\n<\/ul>    <\/div>\n<\/div>\n<!-- \/module text --><!-- module buttons -->\n<div  class=\"module module-buttons tb_fm3a000 buttons-horizontal solid  hide-desktop hide-tablet hide-tablet_landscape hide-mobile\" data-lazy=\"1\">\n    \t<div class=\"module-buttons-item tf_inline_b\">\n\t\t\t\t\t\t\t<a href=\"https:\/\/themify.me\/\" class=\"ui builder_button black\" >\n\t\t\t\t\t\t\t\t\t\t\t<span class=\"tf_inline_b tf_vmiddle\">En savoir plus<\/span>\n\t\t\t\t\t\t\t\t\t<em class=\"tf_inline_b tf_vmiddle\"><svg  class=\"tf_fa tf-ti-arrow-right\" aria-hidden=\"true\"><use href=\"#tf-ti-arrow-right\"><\/use><\/svg><\/em>\t\t\t\t\t\t\t\t\t\t\t<\/a>\n\t\t\t    \t<\/div>\n    <\/div>\n<!-- \/module buttons -->\n                    <\/div>\n                            <\/div>\n            \t    <\/div>\n\t    <!-- \/row_inner -->\n\t<\/div>\n\t<!-- \/module_row -->\n\t\t\t\t<!-- module_row -->\n\t<div  data-lazy=\"1\" class=\"module_row themify_builder_row tb_10tm103 tf_w tf_clearfix\">\n\t    \t\t\t<div class=\"row_inner col_align_top tb_col_count_1 tf_box tf_rel\">\n\t\t            <div  data-lazy=\"1\" class=\"module_column tb-column col-full tb_d43c111 first\">\n                                                        <div class=\"tb-column-inner tf_box tf_w\">\n                        <!-- module text -->\n<div  class=\"module module-text tb_5bgy103   \" data-lazy=\"1\">\n        <div  class=\"tb_text_wrap\">\n    <h2>Services<\/h2>    <\/div>\n<\/div>\n<!-- \/module text -->\t<div  data-lazy=\"1\" class=\"module_subrow themify_builder_sub_row tb_q4hm073 tf_w tf_clearfix\">\n\t    \t\t\t<div class=\"subrow_inner col_align_top tb_col_count_3 tf_box tf_w\">\n\t\t            <div  data-lazy=\"1\" class=\"module_column sub_column col3-1 tb_dnov707 first\">\n                                                        <div class=\"tb-column-inner tf_box tf_w\">\n                        <!-- module image -->\n<div  class=\"module module-image tb_h22c071 rounded  image-center tf_mw\" data-lazy=\"1\">\n        <div class=\"image-wrap tf_rel tf_mw\">\n\t\t    <img loading=\"lazy\" decoding=\"async\" src=\"http:\/\/www.giteduchateau.luttange.fr\/wp-content\/uploads\/2024\/10\/comptoir-luttangeois-1.jpg\" width=\"360\" height=\"230\" title=\"Restauration \u00e0 deux pas\" alt=\"Le comptoir luttangeois situ\u00e9 au coeur du village propose plusieurs solutions de restauration.\">\t\n\t\t<\/div>\n\t<!-- \/image-wrap -->\n    \n    \t<div class=\"image-content\">\n\t    \t\t\t<h3 class=\"image-title\">\n\t\t\t\t\t\t\t\t\tRestauration \u00e0 deux pas\t\t\t\t\t\t\t<\/h3>\n\t    \n\t    \t\t<div class=\"image-caption tb_text_wrap\">\n\t\t    Le comptoir luttangeois situ\u00e9 au coeur du village propose plusieurs solutions de restauration.\t    <\/div>\n\t    <!-- \/image-caption -->\n\t    \t<\/div>\n\t<!-- \/image-content -->\n    \t<\/div>\n<!-- \/module image --><!-- module icon -->\n<div  class=\"module module-icon tb_gp2f110  normal circle icon_horizontal \" data-lazy=\"1\">\n        <div class=\"module-icon-item\">\n\t    \t\t<a href=\"https:\/\/www.facebook.com\/photo.php?fbid=832575925726567&amp;id=100069225009581&amp;set=a.399408252376672\">\n\t    \t\t\t\t\t\t    <em class=\"tf_box\"><svg  class=\"tf_fa tf-ti-arrow-right\" aria-hidden=\"true\"><use href=\"#tf-ti-arrow-right\"><\/use><\/svg><\/em>\n\t\t\t\t\t\t    \t    \t    <span>en savoir plus<\/span>\n\t\t    \t\t\t\t\t\t<\/a>\n\t\t        <\/div>\n\t<\/div>\n<!-- \/module icon -->\n                    <\/div>\n                            <\/div>\n                        <div  data-lazy=\"1\" class=\"module_column sub_column col3-1 tb_ctuy000\">\n                                                        <div class=\"tb-column-inner tf_box tf_w\">\n                        <!-- module image -->\n<div  class=\"module module-image tb_z4hi081 rounded  image-center tf_mw\" data-lazy=\"1\">\n        <div class=\"image-wrap tf_rel tf_mw\">\n\t\t    <img loading=\"lazy\" decoding=\"async\" src=\"http:\/\/www.giteduchateau.luttange.fr\/wp-content\/uploads\/2024\/10\/accessibilite.png\" width=\"360\" height=\"230\" title=\"Accessibilit\u00e9\" alt=\"Stationnement gratuit\nBorne de recharge \u00e9lectrique (\u00e0 venir)\">\t\n\t\t<\/div>\n\t<!-- \/image-wrap -->\n    \n    \t<div class=\"image-content\">\n\t    \t\t\t<h3 class=\"image-title\">\n\t\t\t\t\t\t\t\t\tAccessibilit\u00e9\t\t\t\t\t\t\t<\/h3>\n\t    \n\t    \t\t<div class=\"image-caption tb_text_wrap\">\n\t\t    Stationnement gratuit\nBorne de recharge \u00e9lectrique (\u00e0 venir)\t    <\/div>\n\t    <!-- \/image-caption -->\n\t    \t<\/div>\n\t<!-- \/image-content -->\n    \t<\/div>\n<!-- \/module image -->                    <\/div>\n                            <\/div>\n                        <div  data-lazy=\"1\" class=\"module_column sub_column col3-1 tb_qslg310 last\">\n                                                        <div class=\"tb-column-inner tf_box tf_w\">\n                        <!-- module image -->\n<div  class=\"module module-image tb_x7y5371 rounded  image-center tf_mw\" data-lazy=\"1\">\n        <div class=\"image-wrap tf_rel tf_mw\">\n\t\t    <img loading=\"lazy\" decoding=\"async\" src=\"http:\/\/www.giteduchateau.luttange.fr\/wp-content\/uploads\/2024\/10\/salle1.jpg\" width=\"360\" height=\"230\" title=\"Location de salles\" alt=\"La commune de Luttange met \u00e0 votre disposition deux salles de r\u00e9ception, id\u00e9ales pour vos r\u00e9unions de familles, spectacles et autres \u00e9v\u00e9nements\">\t\n\t\t<\/div>\n\t<!-- \/image-wrap -->\n    \n    \t<div class=\"image-content\">\n\t    \t\t\t<h3 class=\"image-title\">\n\t\t\t\t\t\t\t\t\tLocation de salles\t\t\t\t\t\t\t<\/h3>\n\t    \n\t    \t\t<div class=\"image-caption tb_text_wrap\">\n\t\t    La commune de Luttange met \u00e0 votre disposition deux salles de r\u00e9ception, id\u00e9ales pour vos r\u00e9unions de familles, spectacles et autres \u00e9v\u00e9nements\t    <\/div>\n\t    <!-- \/image-caption -->\n\t    \t<\/div>\n\t<!-- \/image-content -->\n    \t<\/div>\n<!-- \/module image --><!-- module icon -->\n<div  class=\"module module-icon tb_o1qs171  normal circle icon_horizontal \" data-lazy=\"1\">\n        <div class=\"module-icon-item\">\n\t    \t\t<a href=\"https:\/\/mairie.luttange.fr\/269-2-3\/\">\n\t    \t\t\t\t\t\t    <em class=\"tf_box\"><svg  class=\"tf_fa tf-ti-arrow-right\" aria-hidden=\"true\"><use href=\"#tf-ti-arrow-right\"><\/use><\/svg><\/em>\n\t\t\t\t\t\t    \t    \t    <span>en savoir plus<\/span>\n\t\t    \t\t\t\t\t\t<\/a>\n\t\t        <\/div>\n\t<\/div>\n<!-- \/module icon -->\n                    <\/div>\n                            <\/div>\n            \t    <\/div>\n\t<\/div><!-- \/themify_builder_sub_row -->\n\t                    <\/div>\n                            <\/div>\n            \t    <\/div>\n\t    <!-- \/row_inner -->\n\t<\/div>\n\t<!-- \/module_row -->\n\t<\/div>\n<!--\/themify_builder_content-->","protected":false},"excerpt":{"rendered":"<p>G\u00eete du ch\u00e2teau de Luttange Bienvenue au G\u00eete communal de Luttange &#8211; G\u00eete de groupe &#8211; G\u00eete d&rsquo;\u00e9tape &#8211; Chambres Visiter le g\u00eete Dans les murs du ch\u00e2teau Le G\u00eete du Ch\u00e2teau occupe l&rsquo;aile Est du ch\u00e2teau de Luttange, enti\u00e8rement restaur\u00e9e. Le g\u00eete a ouvert \u00e0 l&rsquo;\u00e9t\u00e9 2024 et propose 7 chambres pour une capacit\u00e9 [&hellip;]<\/p>\n","protected":false},"author":1,"featured_media":0,"parent":0,"menu_order":0,"comment_status":"closed","ping_status":"closed","template":"","meta":{"footnotes":""},"class_list":["post-537","page","type-page","status-publish","hentry","has-post-title","has-post-date","has-post-category","has-post-tag","has-post-comment","has-post-author",""],"builder_content":"<h1>G\u00eete du ch\u00e2teau de Luttange<\/h1> <p>Bienvenue au G\u00eete communal de Luttange - G\u00eete de groupe - G\u00eete d'\u00e9tape - Chambres<\/p>\n<a href=\"https:\/\/www.giteduchateau.luttange.fr\/index.php\/portfolio-2-2\/\" > Visiter le g\u00eete <em><svg aria-hidden=\"true\"><use href=\"#tf-ti-arrow-right\"><\/use><\/svg><\/em> <\/a>\n<img src=\"http:\/\/www.giteduchateau.luttange.fr\/wp-content\/uploads\/2025\/01\/Niveau2-Le-donjon-4.jpg\" width=\"629\" height=\"1116\" title=\"Accueil\" alt=\"Accueil\">\n<h2>Dans les murs du ch\u00e2teau<\/h2> <p>Le G\u00eete du Ch\u00e2teau occupe l'aile Est du ch\u00e2teau de Luttange, enti\u00e8rement restaur\u00e9e. Le g\u00eete a ouvert \u00e0 l'\u00e9t\u00e9 2024 et propose 7 chambres pour une capacit\u00e9 totale de 18 couchages. Les week-end et jours f\u00e9ri\u00e9s, il est louable exclusivement dans sa totalit\u00e9 et pour 2 nuits. En semaine, il est possible de ne r\u00e9server qu'une chambre ou un \u00e9tage.<\/p>\n<a href=\"https:\/\/www.giteduchateau.luttange.fr\/index.php\/portfolio-2-2\/\" > En savoir plus <em><svg aria-hidden=\"true\"><use href=\"#tf-ti-arrow-right\"><\/use><\/svg><\/em> <\/a>\n<h2>Notre histoire<\/h2> <p>L'histoire du ch\u00e2teau remonte au milieu du XIIe si\u00e8cle. Celle du g\u00eete a ses origines dans les ann\u00e9es 1970 avec le projet fou de restauration du ch\u00e2teau de Luttange alors en ruine. Les jeunes du village r\u00eavaient \u00e0 l'\u00e9poque d'une auberge de jeunesse europ\u00e9enne. A l'aube du XXIe si\u00e8cle, c'est dans le cadre du projet de sauvegarde et de restauration de l'aile Est du ch\u00e2teau que le projet de g\u00eete s'est finalement concr\u00e9tis\u00e9.<\/p>\n<a href=\"https:\/\/themify.me\/\" > En savoir plus <em><svg aria-hidden=\"true\"><use href=\"#tf-ti-arrow-right\"><\/use><\/svg><\/em> <\/a>\n<img src=\"http:\/\/www.giteduchateau.luttange.fr\/wp-content\/uploads\/2024\/11\/DSC_0008.jpg\" width=\"1920\" height=\"1080\" title=\"Accueil\" alt=\"Accueil\">\n<h2>Concept &amp; D\u00e9tails<\/h2> <p>Le concept qui vous est propos\u00e9 \u00e0 Luttange est peu commun \u00e0 plusieurs titres :<\/p> <ul> <li>dans le choix de la modernit\u00e9 des \u00e9quipements et de la d\u00e9coration pour un plus grand confort, tout en mettant en valeur les \u00e9l\u00e9ments architecturaux historiques qui ont pu \u00eatre conserv\u00e9s ;<\/li> <li>dans le l'offre d'accueil propos\u00e9e, structur\u00e9e sur un mod\u00e8le encore peu d\u00e9velopp\u00e9 en France, entre le g\u00eete de groupe et les chambres d'h\u00f4tes avec un espace partag\u00e9 accueillant, chaleureux et convivial. <\/li> <\/ul>\n<a href=\"https:\/\/themify.me\/\" > En savoir plus <em><svg aria-hidden=\"true\"><use href=\"#tf-ti-arrow-right\"><\/use><\/svg><\/em> <\/a>\n<h2>Services<\/h2>\n<img src=\"http:\/\/www.giteduchateau.luttange.fr\/wp-content\/uploads\/2024\/10\/comptoir-luttangeois-1.jpg\" width=\"360\" height=\"230\" title=\"Restauration \u00e0 deux pas\" alt=\"Le comptoir luttangeois situ\u00e9 au coeur du village propose plusieurs solutions de restauration.\"> <h3> Restauration \u00e0 deux pas <\/h3> Le comptoir luttangeois situ\u00e9 au coeur du village propose plusieurs solutions de restauration.\n<a href=\"https:\/\/www.facebook.com\/photo.php?fbid=832575925726567&amp;id=100069225009581&amp;set=a.399408252376672\"> <em><svg aria-hidden=\"true\"><use href=\"#tf-ti-arrow-right\"><\/use><\/svg><\/em> en savoir plus <\/a>\n<img src=\"http:\/\/www.giteduchateau.luttange.fr\/wp-content\/uploads\/2024\/10\/accessibilite.png\" width=\"360\" height=\"230\" title=\"Accessibilit\u00e9\" alt=\"Stationnement gratuit Borne de recharge \u00e9lectrique (\u00e0 venir)\"> <h3> Accessibilit\u00e9 <\/h3> Stationnement gratuit Borne de recharge \u00e9lectrique (\u00e0 venir)\n<img src=\"http:\/\/www.giteduchateau.luttange.fr\/wp-content\/uploads\/2024\/10\/salle1.jpg\" width=\"360\" height=\"230\" title=\"Location de salles\" alt=\"La commune de Luttange met \u00e0 votre disposition deux salles de r\u00e9ception, id\u00e9ales pour vos r\u00e9unions de familles, spectacles et autres \u00e9v\u00e9nements\"> <h3> Location de salles <\/h3> La commune de Luttange met \u00e0 votre disposition deux salles de r\u00e9ception, id\u00e9ales pour vos r\u00e9unions de familles, spectacles et autres \u00e9v\u00e9nements\n<a href=\"https:\/\/mairie.luttange.fr\/269-2-3\/\"> <em><svg aria-hidden=\"true\"><use href=\"#tf-ti-arrow-right\"><\/use><\/svg><\/em> en savoir plus <\/a>","_links":{"self":[{"href":"https:\/\/www.giteduchateau.luttange.fr\/index.php\/wp-json\/wp\/v2\/pages\/537","targetHints":{"allow":["GET"]}}],"collection":[{"href":"https:\/\/www.giteduchateau.luttange.fr\/index.php\/wp-json\/wp\/v2\/pages"}],"about":[{"href":"https:\/\/www.giteduchateau.luttange.fr\/index.php\/wp-json\/wp\/v2\/types\/page"}],"author":[{"embeddable":true,"href":"https:\/\/www.giteduchateau.luttange.fr\/index.php\/wp-json\/wp\/v2\/users\/1"}],"replies":[{"embeddable":true,"href":"https:\/\/www.giteduchateau.luttange.fr\/index.php\/wp-json\/wp\/v2\/comments?post=537"}],"version-history":[{"count":9,"href":"https:\/\/www.giteduchateau.luttange.fr\/index.php\/wp-json\/wp\/v2\/pages\/537\/revisions"}],"predecessor-version":[{"id":561,"href":"https:\/\/www.giteduchateau.luttange.fr\/index.php\/wp-json\/wp\/v2\/pages\/537\/revisions\/561"}],"wp:attachment":[{"href":"https:\/\/www.giteduchateau.luttange.fr\/index.php\/wp-json\/wp\/v2\/media?parent=537"}],"curies":[{"name":"wp","href":"https:\/\/api.w.org\/{rel}","templated":true}]}}